{"id":1233,"date":"2022-06-27T17:08:12","date_gmt":"2022-06-27T15:08:12","guid":{"rendered":"https:\/\/samuter.paisajeterritoriouam.es\/audiovisual-resources\/"},"modified":"2023-05-29T12:50:38","modified_gmt":"2023-05-29T10:50:38","slug":"audiovisual-resources","status":"publish","type":"page","link":"https:\/\/samuter.paisajeterritoriouam.es\/en\/audiovisual-resources\/","title":{"rendered":"Audiovisual Resources"},"content":{"rendered":"<p>[et_pb_section fb_built=&#8221;1&#8243; _builder_version=&#8221;4.18.0&#8243; _module_preset=&#8221;default&#8221; global_colors_info=&#8221;{}&#8221;][et_pb_row column_structure=&#8221;1_2,1_2&#8243; _builder_version=&#8221;4.18.0&#8243; _module_preset=&#8221;default&#8221; global_colors_info=&#8221;{}&#8221;][et_pb_column type=&#8221;1_2&#8243; _builder_version=&#8221;4.18.0&#8243; _module_preset=&#8221;default&#8221; global_colors_info=&#8221;{}&#8221;][et_pb_video src=&#8221;https:\/\/www.youtube.com\/watch?v=7JMavJ_sHI4&#8243; _builder_version=&#8221;4.18.1&#8243; _module_preset=&#8221;default&#8221; global_colors_info=&#8221;{}&#8221;][\/et_pb_video][\/et_pb_column][et_pb_column type=&#8221;1_2&#8243; _builder_version=&#8221;4.18.0&#8243; _module_preset=&#8221;default&#8221; global_colors_info=&#8221;{}&#8221;][et_pb_video src=&#8221;https:\/\/youtu.be\/TmY3W6gElLg&#8221; src_webm=&#8221;https:\/\/youtu.be\/TmY3W6gElLg&#8221; _builder_version=&#8221;4.18.0&#8243; _module_preset=&#8221;default&#8221; global_colors_info=&#8221;{}&#8221;][\/et_pb_video][\/et_pb_column][\/et_pb_row][et_pb_row column_structure=&#8221;1_2,1_2&#8243; _builder_version=&#8221;4.18.0&#8243; _module_preset=&#8221;default&#8221; global_colors_info=&#8221;{}&#8221;][et_pb_column type=&#8221;1_2&#8243; _builder_version=&#8221;4.18.0&#8243; _module_preset=&#8221;default&#8221; global_colors_info=&#8221;{}&#8221;][et_pb_text _builder_version=&#8221;4.18.0&#8243; _module_preset=&#8221;default&#8221; global_colors_info=&#8221;{}&#8221;]<\/p>\n<p><span style=\"color: #339966;\"><strong>Singularity strategies in productivist wine-growing contexts: Catalogue of singular vineyards in La Seca, Valladolid.<\/strong><\/span><\/p>\n<p>Eugenio Baraja, Daniel Herrero, Pilar Fern\u00e1ndez (University of Valladolid) and Marta Mart\u00ednez Arn\u00e1iz (University of Burgos)<\/p>\n<p>[\/et_pb_text][\/et_pb_column][et_pb_column type=&#8221;1_2&#8243; _builder_version=&#8221;4.18.0&#8243; _module_preset=&#8221;default&#8221; global_colors_info=&#8221;{}&#8221;][et_pb_text _builder_version=&#8221;4.18.0&#8243; _module_preset=&#8221;default&#8221; global_colors_info=&#8221;{}&#8221;]<\/p>\n<p><span style=\"color: #339966;\"><strong>Use of meadows and pastures. Biosphere Reserve of Los Ancares Leoneses.<\/strong><\/span><\/p>\n<p>Alipio Garc\u00eda de Celis (University of Valladolid)\/ Mar\u00eda Jes\u00fas S\u00e1nchez Mu\u00f1oz (University of Le\u00f3n)<br \/>Execution: Cartography Service of the University of Le\u00f3n.<\/p>\n<p>[\/et_pb_text][\/et_pb_column][\/et_pb_row][et_pb_row column_structure=&#8221;1_2,1_2&#8243; _builder_version=&#8221;4.18.0&#8243; _module_preset=&#8221;default&#8221; global_colors_info=&#8221;{}&#8221;][et_pb_column type=&#8221;1_2&#8243; _builder_version=&#8221;4.18.0&#8243; _module_preset=&#8221;default&#8221; global_colors_info=&#8221;{}&#8221;][et_pb_video _builder_version=&#8221;4.19.5&#8243; _module_preset=&#8221;default&#8221; hover_enabled=&#8221;0&#8243; global_colors_info=&#8221;{}&#8221; src=&#8221;https:\/\/youtu.be\/Vj4n6t8YugI&#8221; sticky_enabled=&#8221;0&#8243;][\/et_pb_video][\/et_pb_column][et_pb_column type=&#8221;1_2&#8243; _builder_version=&#8221;4.18.0&#8243; _module_preset=&#8221;default&#8221; global_colors_info=&#8221;{}&#8221;][\/et_pb_column][\/et_pb_row][et_pb_row column_structure=&#8221;1_2,1_2&#8243; _builder_version=&#8221;4.18.0&#8243; _module_preset=&#8221;default&#8221; global_colors_info=&#8221;{}&#8221;][et_pb_column type=&#8221;1_2&#8243; _builder_version=&#8221;4.18.0&#8243; _module_preset=&#8221;default&#8221; global_colors_info=&#8221;{}&#8221;][et_pb_text _builder_version=&#8221;4.19.5&#8243; _module_preset=&#8221;default&#8221; hover_enabled=&#8221;0&#8243; global_colors_info=&#8221;{}&#8221; sticky_enabled=&#8221;0&#8243;]<\/p>\n<p><span style=\"color: #339966;\"><strong>Self-consumption vegetable gardens in Sierra de Huelva<\/strong><\/span><\/p>\n<p>Miguel Garc\u00eda Mart\u00edn (University of Sevilla)<\/p>\n<p>[\/et_pb_text][\/et_pb_column][et_pb_column type=&#8221;1_2&#8243; _builder_version=&#8221;4.18.0&#8243; _module_preset=&#8221;default&#8221; global_colors_info=&#8221;{}&#8221;][\/et_pb_column][\/et_pb_row][\/et_pb_section]<\/p>\n","protected":false},"excerpt":{"rendered":"<p>Singularity strategies in productivist wine-growing contexts: Catalogue of singular vineyards in La Seca, Valladolid. Eugenio Baraja, Daniel Herrero, Pilar Fern\u00e1ndez (University of Valladolid) and Marta Mart\u00ednez Arn\u00e1iz (University of Burgos)Use of meadows and pastures. Biosphere Reserve of Los Ancares Leoneses. Alipio Garc\u00eda de Celis (University of Valladolid)\/ Mar\u00eda Jes\u00fas S\u00e1nchez Mu\u00f1oz (University of Le\u00f3n)Execution: Cartography [&hellip;]<\/p>\n","protected":false},"author":1,"featured_media":0,"parent":0,"menu_order":0,"comment_status":"closed","ping_status":"closed","template":"","meta":{"_et_pb_use_builder":"on","_et_pb_old_content":"","_et_gb_content_width":"","footnotes":""},"class_list":["post-1233","page","type-page","status-publish","hentry"],"_links":{"self":[{"href":"https:\/\/samuter.paisajeterritoriouam.es\/en\/wp-json\/wp\/v2\/pages\/1233","targetHints":{"allow":["GET"]}}],"collection":[{"href":"https:\/\/samuter.paisajeterritoriouam.es\/en\/wp-json\/wp\/v2\/pages"}],"about":[{"href":"https:\/\/samuter.paisajeterritoriouam.es\/en\/wp-json\/wp\/v2\/types\/page"}],"author":[{"embeddable":true,"href":"https:\/\/samuter.paisajeterritoriouam.es\/en\/wp-json\/wp\/v2\/users\/1"}],"replies":[{"embeddable":true,"href":"https:\/\/samuter.paisajeterritoriouam.es\/en\/wp-json\/wp\/v2\/comments?post=1233"}],"version-history":[{"count":11,"href":"https:\/\/samuter.paisajeterritoriouam.es\/en\/wp-json\/wp\/v2\/pages\/1233\/revisions"}],"predecessor-version":[{"id":1254,"href":"https:\/\/samuter.paisajeterritoriouam.es\/en\/wp-json\/wp\/v2\/pages\/1233\/revisions\/1254"}],"wp:attachment":[{"href":"https:\/\/samuter.paisajeterritoriouam.es\/en\/wp-json\/wp\/v2\/media?parent=1233"}],"curies":[{"name":"wp","href":"https:\/\/api.w.org\/{rel}","templated":true}]}}